{"id":41,"date":"2025-07-04T20:06:45","date_gmt":"2025-07-04T18:06:45","guid":{"rendered":"https:\/\/duck-production.de\/?page_id=41"},"modified":"2025-07-04T20:10:37","modified_gmt":"2025-07-04T18:10:37","slug":"impressum","status":"publish","type":"page","link":"https:\/\/duck-production.de\/index.php\/impressum\/","title":{"rendered":"Impressum"},"content":{"rendered":"\n<p>Angaben gem\u00e4\u00df \u00a7 5 TMG: <\/p>\n\n\n\n<p>Felix Weichbrodt<\/p>\n\n\n\n<p>Elebeken 7<\/p>\n\n\n\n<p>22299 Hamburg<\/p>\n\n\n\n<p>0049 163 44 55 081<\/p>\n\n\n\n<p>felix.weichbrodt.film@gmail.com<\/p>\n\n\n\n<p>duck-production.de<\/p>\n\n\n\n<p><br>Umsatzsteuer-Identifikationsnummer:<br>DE365734074<\/p>\n\n\n\n<p>Haftungsausschluss:<br>Die Inhalte dieser Website wurden mit gr\u00f6\u00dfter Sorgfalt erstellt. F\u00fcr die Richtigkeit, Vollst\u00e4ndigkeit und Aktualit\u00e4t der Inhalte k\u00f6nnen jedoch keine Gew\u00e4hr \u00fcbernommen werden. Als Diensteanbieter sind wir gem\u00e4\u00df \u00a7 7 Abs. 1 TMG f\u00fcr eigene Inhalte auf diesen Seiten nach den allgemeinen Gesetzen verantwortlich. Nach \u00a7\u00a7 8 bis 10 TMG sind wir jedoch nicht verpflichtet, \u00fcbermittelte oder gespeicherte fremde Informationen zu \u00fcberwachen oder nach Umst\u00e4nden zu forschen, die auf eine rechtswidrige T\u00e4tigkeit hinweisen.Links zu externen Websites:<br>Unser Angebot enth\u00e4lt Links zu externen Websites Dritter, auf deren Inhalte wir keinen Einfluss haben. Deshalb k\u00f6nnen wir f\u00fcr diese fremden Inhalte auch keine Gew\u00e4hr \u00fcbernehmen. F\u00fcr die Inhalte der verlinkten Seiten ist stets der jeweilige Anbieter oder Betreiber der Seiten verantwortlich.<\/p>\n","protected":false},"excerpt":{"rendered":"<p>Angaben gem\u00e4\u00df \u00a7 5 TMG: Felix Weichbrodt Elebeken 7 22299 Hamburg 0049 163 44 55 081 felix.weichbrodt.film@gmail.com duck-production.de Umsatzsteuer-Identifikationsnummer:DE365734074 Haftungsausschluss:Die Inhalte dieser Website wurden mit gr\u00f6\u00dfter Sorgfalt erstellt. F\u00fcr die Richtigkeit, Vollst\u00e4ndigkeit und Aktualit\u00e4t der Inhalte k\u00f6nnen jedoch keine Gew\u00e4hr \u00fcbernommen werden. Als Diensteanbieter sind wir gem\u00e4\u00df \u00a7 7 Abs. 1 TMG f\u00fcr eigene Inhalte [&hellip;]<\/p>\n","protected":false},"author":1,"featured_media":0,"parent":0,"menu_order":0,"comment_status":"closed","ping_status":"closed","template":"about","meta":{"footnotes":""},"class_list":["post-41","page","type-page","status-publish","hentry"],"_links":{"self":[{"href":"https:\/\/duck-production.de\/index.php\/wp-json\/wp\/v2\/pages\/41","targetHints":{"allow":["GET"]}}],"collection":[{"href":"https:\/\/duck-production.de\/index.php\/wp-json\/wp\/v2\/pages"}],"about":[{"href":"https:\/\/duck-production.de\/index.php\/wp-json\/wp\/v2\/types\/page"}],"author":[{"embeddable":true,"href":"https:\/\/duck-production.de\/index.php\/wp-json\/wp\/v2\/users\/1"}],"replies":[{"embeddable":true,"href":"https:\/\/duck-production.de\/index.php\/wp-json\/wp\/v2\/comments?post=41"}],"version-history":[{"count":1,"href":"https:\/\/duck-production.de\/index.php\/wp-json\/wp\/v2\/pages\/41\/revisions"}],"predecessor-version":[{"id":42,"href":"https:\/\/duck-production.de\/index.php\/wp-json\/wp\/v2\/pages\/41\/revisions\/42"}],"wp:attachment":[{"href":"https:\/\/duck-production.de\/index.php\/wp-json\/wp\/v2\/media?parent=41"}],"curies":[{"name":"wp","href":"https:\/\/api.w.org\/{rel}","templated":true}]}}